{"id":575,"date":"2025-10-19T14:27:37","date_gmt":"2025-10-19T14:27:37","guid":{"rendered":"https:\/\/balkansimhub.com\/?page_id=575"},"modified":"2026-01-09T21:52:43","modified_gmt":"2026-01-09T21:52:43","slug":"race2help","status":"publish","type":"page","link":"https:\/\/balkansimhub.com\/hr\/race2help\/","title":{"rendered":"Race 2 Help"},"content":{"rendered":"","protected":false},"excerpt":{"rendered":"","protected":false},"author":1,"featured_media":0,"parent":0,"menu_order":0,"comment_status":"closed","ping_status":"closed","template":"pages\/page-charity.blade.php","meta":{"_acf_changed":false,"inline_featured_image":false,"footnotes":""},"class_list":["post-575","page","type-page","status-publish","hentry"],"acf":[],"yoast_head":"<!-- This site is optimized with the Yoast SEO plugin v25.8 - https:\/\/yoast.com\/wordpress\/plugins\/seo\/ -->\n<title>Race 2 Help - Balkan SimHub<\/title>\n<meta name=\"robots\" content=\"index, follow, max-snippet:-1, max-image-preview:large, max-video-preview:-1\" \/>\n<link rel=\"canonical\" href=\"https:\/\/balkansimhub.com\/hr\/race2help\/\" \/>\n<meta property=\"og:locale\" content=\"hr_HR\" \/>\n<meta property=\"og:type\" content=\"article\" \/>\n<meta property=\"og:title\" content=\"Humanitarno natjecanje Race 2 Help\" \/>\n<meta property=\"og:description\" content=\"Humanitrano natjecanje u trka\u0107im video igrama kroz koje prikupljamo sredstva za djecu i obitelji kojima je potrebna pomo\u0107 i podr\u0161ka.\" \/>\n<meta property=\"og:url\" content=\"https:\/\/balkansimhub.com\/hr\/race2help\/\" \/>\n<meta property=\"og:site_name\" content=\"Balkan SimHub\" \/>\n<meta property=\"article:modified_time\" content=\"2026-01-09T21:52:43+00:00\" \/>\n<meta property=\"og:image\" content=\"https:\/\/balkansimhub.com\/bsh-data\/uploads\/2025\/09\/1.jpg\" \/>\n\t<meta property=\"og:image:width\" content=\"1920\" \/>\n\t<meta property=\"og:image:height\" content=\"1080\" \/>\n\t<meta property=\"og:image:type\" content=\"image\/jpeg\" \/>\n<meta name=\"twitter:card\" content=\"summary_large_image\" \/>\n<script type=\"application\/ld+json\" class=\"yoast-schema-graph\">{\"@context\":\"https:\/\/schema.org\",\"@graph\":[{\"@type\":\"WebPage\",\"@id\":\"https:\/\/balkansimhub.com\/hr\/race2help\/\",\"url\":\"https:\/\/balkansimhub.com\/hr\/race2help\/\",\"name\":\"Race 2 Help - Balkan SimHub\",\"isPartOf\":{\"@id\":\"https:\/\/balkansimhub.com\/hr\/#website\"},\"datePublished\":\"2025-10-19T14:27:37+00:00\",\"dateModified\":\"2026-01-09T21:52:43+00:00\",\"breadcrumb\":{\"@id\":\"https:\/\/balkansimhub.com\/hr\/race2help\/#breadcrumb\"},\"inLanguage\":\"hr-HR\",\"potentialAction\":[{\"@type\":\"ReadAction\",\"target\":[\"https:\/\/balkansimhub.com\/hr\/race2help\/\"]}]},{\"@type\":\"BreadcrumbList\",\"@id\":\"https:\/\/balkansimhub.com\/hr\/race2help\/#breadcrumb\",\"itemListElement\":[{\"@type\":\"ListItem\",\"position\":1,\"name\":\"Home\",\"item\":\"https:\/\/balkansimhub.com\/hr\/\"},{\"@type\":\"ListItem\",\"position\":2,\"name\":\"Race 2 Help\"}]},{\"@type\":\"WebSite\",\"@id\":\"https:\/\/balkansimhub.com\/hr\/#website\",\"url\":\"https:\/\/balkansimhub.com\/hr\/\",\"name\":\"Balkan SimHub\",\"description\":\"\",\"potentialAction\":[{\"@type\":\"SearchAction\",\"target\":{\"@type\":\"EntryPoint\",\"urlTemplate\":\"https:\/\/balkansimhub.com\/hr\/?s={search_term_string}\"},\"query-input\":{\"@type\":\"PropertyValueSpecification\",\"valueRequired\":true,\"valueName\":\"search_term_string\"}}],\"inLanguage\":\"hr-HR\"}]}<\/script>\n<!-- \/ Yoast SEO plugin. -->","yoast_head_json":{"title":"Race 2 Help - Balkan SimHub","robots":{"index":"index","follow":"follow","max-snippet":"max-snippet:-1","max-image-preview":"max-image-preview:large","max-video-preview":"max-video-preview:-1"},"canonical":"https:\/\/balkansimhub.com\/hr\/race2help\/","og_locale":"hr_HR","og_type":"article","og_title":"Humanitarno natjecanje Race 2 Help","og_description":"Humanitrano natjecanje u trka\u0107im video igrama kroz koje prikupljamo sredstva za djecu i obitelji kojima je potrebna pomo\u0107 i podr\u0161ka.","og_url":"https:\/\/balkansimhub.com\/hr\/race2help\/","og_site_name":"Balkan SimHub","article_modified_time":"2026-01-09T21:52:43+00:00","og_image":[{"width":1920,"height":1080,"url":"https:\/\/balkansimhub.com\/bsh-data\/uploads\/2025\/09\/1.jpg","type":"image\/jpeg"}],"twitter_card":"summary_large_image","schema":{"@context":"https:\/\/schema.org","@graph":[{"@type":"WebPage","@id":"https:\/\/balkansimhub.com\/hr\/race2help\/","url":"https:\/\/balkansimhub.com\/hr\/race2help\/","name":"Race 2 Help - Balkan SimHub","isPartOf":{"@id":"https:\/\/balkansimhub.com\/hr\/#website"},"datePublished":"2025-10-19T14:27:37+00:00","dateModified":"2026-01-09T21:52:43+00:00","breadcrumb":{"@id":"https:\/\/balkansimhub.com\/hr\/race2help\/#breadcrumb"},"inLanguage":"hr-HR","potentialAction":[{"@type":"ReadAction","target":["https:\/\/balkansimhub.com\/hr\/race2help\/"]}]},{"@type":"BreadcrumbList","@id":"https:\/\/balkansimhub.com\/hr\/race2help\/#breadcrumb","itemListElement":[{"@type":"ListItem","position":1,"name":"Home","item":"https:\/\/balkansimhub.com\/hr\/"},{"@type":"ListItem","position":2,"name":"Race 2 Help"}]},{"@type":"WebSite","@id":"https:\/\/balkansimhub.com\/hr\/#website","url":"https:\/\/balkansimhub.com\/hr\/","name":"Balkan SimHub","description":"","potentialAction":[{"@type":"SearchAction","target":{"@type":"EntryPoint","urlTemplate":"https:\/\/balkansimhub.com\/hr\/?s={search_term_string}"},"query-input":{"@type":"PropertyValueSpecification","valueRequired":true,"valueName":"search_term_string"}}],"inLanguage":"hr-HR"}]}},"_links":{"self":[{"href":"https:\/\/balkansimhub.com\/hr\/wp-json\/wp\/v2\/pages\/575","targetHints":{"allow":["GET"]}}],"collection":[{"href":"https:\/\/balkansimhub.com\/hr\/wp-json\/wp\/v2\/pages"}],"about":[{"href":"https:\/\/balkansimhub.com\/hr\/wp-json\/wp\/v2\/types\/page"}],"author":[{"embeddable":true,"href":"https:\/\/balkansimhub.com\/hr\/wp-json\/wp\/v2\/users\/1"}],"replies":[{"embeddable":true,"href":"https:\/\/balkansimhub.com\/hr\/wp-json\/wp\/v2\/comments?post=575"}],"version-history":[{"count":2,"href":"https:\/\/balkansimhub.com\/hr\/wp-json\/wp\/v2\/pages\/575\/revisions"}],"predecessor-version":[{"id":585,"href":"https:\/\/balkansimhub.com\/hr\/wp-json\/wp\/v2\/pages\/575\/revisions\/585"}],"wp:attachment":[{"href":"https:\/\/balkansimhub.com\/hr\/wp-json\/wp\/v2\/media?parent=575"}],"curies":[{"name":"wp","href":"https:\/\/api.w.org\/{rel}","templated":true}]}}